{"id":436,"date":"2025-06-02T16:14:02","date_gmt":"2025-06-02T16:14:02","guid":{"rendered":"http:\/\/amyking.local\/?page_id=436"},"modified":"2025-06-04T13:31:19","modified_gmt":"2025-06-04T13:31:19","slug":"legal-notice","status":"publish","type":"page","link":"https:\/\/amyking.dev\/de\/legal-notice\/","title":{"rendered":"Impressum"},"content":{"rendered":"<div data-elementor-type=\"wp-page\" data-elementor-id=\"436\" class=\"elementor elementor-436\" data-elementor-post-type=\"page\">\n\t\t\t\t<div class=\"elementor-element elementor-element-62d59e2 e-flex e-con-boxed e-con e-parent\" data-id=\"62d59e2\" data-element_type=\"container\" data-e-type=\"container\">\n\t\t\t\t\t<div class=\"e-con-inner\">\n\t\t\t\t<div class=\"elementor-element elementor-element-18da297 elementor-widget elementor-widget-heading\" data-id=\"18da297\" data-element_type=\"widget\" data-e-type=\"widget\" data-widget_type=\"heading.default\">\n\t\t\t\t<div class=\"elementor-widget-container\">\n\t\t\t\t\t<h2 class=\"elementor-heading-title elementor-size-default\">Impressum<\/h2>\t\t\t\t<\/div>\n\t\t\t\t<\/div>\n\t\t\t\t<div class=\"elementor-element elementor-element-2956504 elementor-widget__width-initial elementor-widget elementor-widget-text-editor\" data-id=\"2956504\" data-element_type=\"widget\" data-e-type=\"widget\" data-widget_type=\"text-editor.default\">\n\t\t\t\t<div class=\"elementor-widget-container\">\n\t\t\t\t\t\t\t\t\t<p>Angaben gem\u00e4\u00df \u00a7 5 TMG:<\/p><p>Amy King<br \/><span style=\"font-size: 1rem;\">Freiberufliche Softwareentwicklerin<br \/>Koburger Str. 3<br \/>10825 Berlin<br \/><\/span>Deutschland<\/p><p>Kontakt: <br \/>Website: www.amyking.dev<br \/>E-Mail: info@amyking.dev<\/p><p>Verantwortlich f\u00fcr den Inhalt nach \u00a7 55 Abs. 2 RStV:<\/p><p>Amy King<br \/><span style=\"font-size: 1rem;\">Freiberufliche Softwareentwicklerin<br \/>Koburger Str. 3<br \/>10825 Berlin<br \/><\/span>Deutschland<\/p><p>Haftung f\u00fcr Inhalte: <br \/>Als Diensteanbieterin bin ich gem\u00e4\u00df \u00a7 7 Abs. 1 TMG f\u00fcr eigene Inhalte auf diesen Seiten nach den allgemeinen Gesetzen verantwortlich. Nach \u00a7\u00a7 8 bis 10 TMG bin ich jedoch nicht verpflichtet, \u00fcbermittelte oder gespeicherte fremde Informationen zu \u00fcberwachen oder nach Umst\u00e4nden zu forschen, die auf eine rechtswidrige T\u00e4tigkeit hinweisen.<\/p><p>Haftung f\u00fcr Links: <br \/>Mein Angebot enth\u00e4lt Links zu externen Websites Dritter, auf deren Inhalte ich keinen Einfluss habe. Deshalb kann ich f\u00fcr diese fremden Inhalte auch keine Gew\u00e4hr \u00fcbernehmen. F\u00fcr die Inhalte der verlinkten Seiten ist stets der jeweilige Anbieter oder Betreiber der Seiten verantwortlich.<\/p><p>Urheberrecht: <br \/>Die durch die Seitenbetreiberin erstellten Inhalte und Werke auf diesen Seiten unterliegen dem deutschen Urheberrecht.<\/p>\t\t\t\t\t\t\t\t<\/div>\n\t\t\t\t<\/div>\n\t\t\t\t\t<\/div>\n\t\t\t\t<\/div>\n\t\t\t\t<\/div>","protected":false},"excerpt":{"rendered":"<p>legal notice Information pursuant to \u00a7 5 TMG (German Telemedia Act): Amy KingFreelance Software DeveloperKoburger Str. 310825 BerlinGermany Contact: Website: www.amyking.devEmail: info@amyking.dev Responsible for the content pursuant to \u00a7 55 para. 2 RStV: Amy KingFreelance Software DeveloperKoburger Str. 310825 BerlinGermany Liability for Contents: As a service provider, I am responsible for my own content on [&hellip;]<\/p>\n","protected":false},"author":1,"featured_media":0,"parent":0,"menu_order":0,"comment_status":"closed","ping_status":"closed","template":"","meta":{"footnotes":""},"class_list":["post-436","page","type-page","status-publish","hentry"],"yoast_head":"<!-- This site is optimized with the Yoast SEO plugin v27.4 - https:\/\/yoast.com\/product\/yoast-seo-wordpress\/ -->\n<title>Legal Notice - Amy King | Software Developer<\/title>\n<meta name=\"robots\" content=\"index, follow, max-snippet:-1, max-image-preview:large, max-video-preview:-1\" \/>\n<link rel=\"canonical\" href=\"https:\/\/amyking.dev\/de\/legal-notice\/\" \/>\n<meta property=\"og:locale\" content=\"de_DE\" \/>\n<meta property=\"og:type\" content=\"article\" \/>\n<meta property=\"og:title\" content=\"Legal Notice - Amy King | Software Developer\" \/>\n<meta property=\"og:description\" content=\"legal notice Information pursuant to \u00a7 5 TMG (German Telemedia Act): Amy KingFreelance Software DeveloperKoburger Str. 310825 BerlinGermany Contact: Website: www.amyking.devEmail: info@amyking.dev Responsible for the content pursuant to \u00a7 55 para. 2 RStV: Amy KingFreelance Software DeveloperKoburger Str. 310825 BerlinGermany Liability for Contents: As a service provider, I am responsible for my own content on [&hellip;]\" \/>\n<meta property=\"og:url\" content=\"https:\/\/amyking.dev\/de\/legal-notice\/\" \/>\n<meta property=\"og:site_name\" content=\"Amy King | Software Developer\" \/>\n<meta property=\"article:modified_time\" content=\"2025-06-04T13:31:19+00:00\" \/>\n<meta name=\"twitter:card\" content=\"summary_large_image\" \/>\n<meta name=\"twitter:label1\" content=\"Gesch\u00e4tzte Lesezeit\" \/>\n\t<meta name=\"twitter:data1\" content=\"1\u00a0Minute\" \/>\n<script type=\"application\/ld+json\" class=\"yoast-schema-graph\">{\"@context\":\"https:\\\/\\\/schema.org\",\"@graph\":[{\"@type\":\"WebPage\",\"@id\":\"https:\\\/\\\/amyking.dev\\\/legal-notice\\\/\",\"url\":\"https:\\\/\\\/amyking.dev\\\/legal-notice\\\/\",\"name\":\"Legal Notice - Amy King | Software Developer\",\"isPartOf\":{\"@id\":\"https:\\\/\\\/amyking.dev\\\/#website\"},\"datePublished\":\"2025-06-02T16:14:02+00:00\",\"dateModified\":\"2025-06-04T13:31:19+00:00\",\"breadcrumb\":{\"@id\":\"https:\\\/\\\/amyking.dev\\\/legal-notice\\\/#breadcrumb\"},\"inLanguage\":\"de\",\"potentialAction\":[{\"@type\":\"ReadAction\",\"target\":[\"https:\\\/\\\/amyking.dev\\\/legal-notice\\\/\"]}]},{\"@type\":\"BreadcrumbList\",\"@id\":\"https:\\\/\\\/amyking.dev\\\/legal-notice\\\/#breadcrumb\",\"itemListElement\":[{\"@type\":\"ListItem\",\"position\":1,\"name\":\"Home\",\"item\":\"https:\\\/\\\/amyking.dev\\\/\"},{\"@type\":\"ListItem\",\"position\":2,\"name\":\"Legal Notice\"}]},{\"@type\":\"WebSite\",\"@id\":\"https:\\\/\\\/amyking.dev\\\/#website\",\"url\":\"https:\\\/\\\/amyking.dev\\\/\",\"name\":\"Amy King | Software Developer\",\"description\":\"\",\"publisher\":{\"@id\":\"https:\\\/\\\/amyking.dev\\\/#\\\/schema\\\/person\\\/671f4dfd75cb6bf8f697d6107bd8f8e7\"},\"potentialAction\":[{\"@type\":\"SearchAction\",\"target\":{\"@type\":\"EntryPoint\",\"urlTemplate\":\"https:\\\/\\\/amyking.dev\\\/?s={search_term_string}\"},\"query-input\":{\"@type\":\"PropertyValueSpecification\",\"valueRequired\":true,\"valueName\":\"search_term_string\"}}],\"inLanguage\":\"de\"},{\"@type\":[\"Person\",\"Organization\"],\"@id\":\"https:\\\/\\\/amyking.dev\\\/#\\\/schema\\\/person\\\/671f4dfd75cb6bf8f697d6107bd8f8e7\",\"name\":\"amy\",\"image\":{\"@type\":\"ImageObject\",\"inLanguage\":\"de\",\"@id\":\"https:\\\/\\\/amyking.dev\\\/wp-content\\\/uploads\\\/2025\\\/06\\\/cropped-ChatGPT-Image-Jun-4-2025-03_46_17-PM.png\",\"url\":\"https:\\\/\\\/amyking.dev\\\/wp-content\\\/uploads\\\/2025\\\/06\\\/cropped-ChatGPT-Image-Jun-4-2025-03_46_17-PM.png\",\"contentUrl\":\"https:\\\/\\\/amyking.dev\\\/wp-content\\\/uploads\\\/2025\\\/06\\\/cropped-ChatGPT-Image-Jun-4-2025-03_46_17-PM.png\",\"width\":512,\"height\":512,\"caption\":\"amy\"},\"logo\":{\"@id\":\"https:\\\/\\\/amyking.dev\\\/wp-content\\\/uploads\\\/2025\\\/06\\\/cropped-ChatGPT-Image-Jun-4-2025-03_46_17-PM.png\"},\"sameAs\":[\"https:\\\/\\\/amyking.dev\"]}]}<\/script>\n<!-- \/ Yoast SEO plugin. -->","yoast_head_json":{"title":"Legal Notice - Amy King | Software Developer","robots":{"index":"index","follow":"follow","max-snippet":"max-snippet:-1","max-image-preview":"max-image-preview:large","max-video-preview":"max-video-preview:-1"},"canonical":"https:\/\/amyking.dev\/de\/legal-notice\/","og_locale":"de_DE","og_type":"article","og_title":"Legal Notice - Amy King | Software Developer","og_description":"legal notice Information pursuant to \u00a7 5 TMG (German Telemedia Act): Amy KingFreelance Software DeveloperKoburger Str. 310825 BerlinGermany Contact: Website: www.amyking.devEmail: info@amyking.dev Responsible for the content pursuant to \u00a7 55 para. 2 RStV: Amy KingFreelance Software DeveloperKoburger Str. 310825 BerlinGermany Liability for Contents: As a service provider, I am responsible for my own content on [&hellip;]","og_url":"https:\/\/amyking.dev\/de\/legal-notice\/","og_site_name":"Amy King | Software Developer","article_modified_time":"2025-06-04T13:31:19+00:00","twitter_card":"summary_large_image","twitter_misc":{"Gesch\u00e4tzte Lesezeit":"1\u00a0Minute"},"schema":{"@context":"https:\/\/schema.org","@graph":[{"@type":"WebPage","@id":"https:\/\/amyking.dev\/legal-notice\/","url":"https:\/\/amyking.dev\/legal-notice\/","name":"Legal Notice - Amy King | Software Developer","isPartOf":{"@id":"https:\/\/amyking.dev\/#website"},"datePublished":"2025-06-02T16:14:02+00:00","dateModified":"2025-06-04T13:31:19+00:00","breadcrumb":{"@id":"https:\/\/amyking.dev\/legal-notice\/#breadcrumb"},"inLanguage":"de","potentialAction":[{"@type":"ReadAction","target":["https:\/\/amyking.dev\/legal-notice\/"]}]},{"@type":"BreadcrumbList","@id":"https:\/\/amyking.dev\/legal-notice\/#breadcrumb","itemListElement":[{"@type":"ListItem","position":1,"name":"Home","item":"https:\/\/amyking.dev\/"},{"@type":"ListItem","position":2,"name":"Legal Notice"}]},{"@type":"WebSite","@id":"https:\/\/amyking.dev\/#website","url":"https:\/\/amyking.dev\/","name":"Amy King | Software Developer","description":"","publisher":{"@id":"https:\/\/amyking.dev\/#\/schema\/person\/671f4dfd75cb6bf8f697d6107bd8f8e7"},"potentialAction":[{"@type":"SearchAction","target":{"@type":"EntryPoint","urlTemplate":"https:\/\/amyking.dev\/?s={search_term_string}"},"query-input":{"@type":"PropertyValueSpecification","valueRequired":true,"valueName":"search_term_string"}}],"inLanguage":"de"},{"@type":["Person","Organization"],"@id":"https:\/\/amyking.dev\/#\/schema\/person\/671f4dfd75cb6bf8f697d6107bd8f8e7","name":"amy","image":{"@type":"ImageObject","inLanguage":"de","@id":"https:\/\/amyking.dev\/wp-content\/uploads\/2025\/06\/cropped-ChatGPT-Image-Jun-4-2025-03_46_17-PM.png","url":"https:\/\/amyking.dev\/wp-content\/uploads\/2025\/06\/cropped-ChatGPT-Image-Jun-4-2025-03_46_17-PM.png","contentUrl":"https:\/\/amyking.dev\/wp-content\/uploads\/2025\/06\/cropped-ChatGPT-Image-Jun-4-2025-03_46_17-PM.png","width":512,"height":512,"caption":"amy"},"logo":{"@id":"https:\/\/amyking.dev\/wp-content\/uploads\/2025\/06\/cropped-ChatGPT-Image-Jun-4-2025-03_46_17-PM.png"},"sameAs":["https:\/\/amyking.dev"]}]}},"_links":{"self":[{"href":"https:\/\/amyking.dev\/de\/wp-json\/wp\/v2\/pages\/436","targetHints":{"allow":["GET"]}}],"collection":[{"href":"https:\/\/amyking.dev\/de\/wp-json\/wp\/v2\/pages"}],"about":[{"href":"https:\/\/amyking.dev\/de\/wp-json\/wp\/v2\/types\/page"}],"author":[{"embeddable":true,"href":"https:\/\/amyking.dev\/de\/wp-json\/wp\/v2\/users\/1"}],"replies":[{"embeddable":true,"href":"https:\/\/amyking.dev\/de\/wp-json\/wp\/v2\/comments?post=436"}],"version-history":[{"count":22,"href":"https:\/\/amyking.dev\/de\/wp-json\/wp\/v2\/pages\/436\/revisions"}],"predecessor-version":[{"id":646,"href":"https:\/\/amyking.dev\/de\/wp-json\/wp\/v2\/pages\/436\/revisions\/646"}],"wp:attachment":[{"href":"https:\/\/amyking.dev\/de\/wp-json\/wp\/v2\/media?parent=436"}],"curies":[{"name":"wp","href":"https:\/\/api.w.org\/{rel}","templated":true}]}}