{"id":3,"date":"2025-05-20T14:21:47","date_gmt":"2025-05-20T14:21:47","guid":{"rendered":"http:\/\/amyking.local\/?page_id=3"},"modified":"2025-06-04T13:29:01","modified_gmt":"2025-06-04T13:29:01","slug":"privacy-policy","status":"publish","type":"page","link":"https:\/\/amyking.dev\/de\/privacy-policy\/","title":{"rendered":"Datenschutzerkl\u00e4rung"},"content":{"rendered":"<div data-elementor-type=\"wp-page\" data-elementor-id=\"3\" class=\"elementor elementor-3\" data-elementor-post-type=\"page\">\n\t\t\t\t<div class=\"elementor-element elementor-element-173bc02 e-flex e-con-boxed e-con e-parent\" data-id=\"173bc02\" data-element_type=\"container\" data-e-type=\"container\">\n\t\t\t\t\t<div class=\"e-con-inner\">\n\t\t\t\t<div class=\"elementor-element elementor-element-309722a elementor-widget elementor-widget-heading\" data-id=\"309722a\" data-element_type=\"widget\" data-e-type=\"widget\" data-widget_type=\"heading.default\">\n\t\t\t\t<div class=\"elementor-widget-container\">\n\t\t\t\t\t<h2 class=\"elementor-heading-title elementor-size-default\">Datenschutzerkl\u00e4rung<\/h2>\t\t\t\t<\/div>\n\t\t\t\t<\/div>\n\t\t\t\t<div class=\"elementor-element elementor-element-a1f5d5d elementor-widget__width-initial elementor-widget elementor-widget-text-editor\" data-id=\"a1f5d5d\" data-element_type=\"widget\" data-e-type=\"widget\" data-widget_type=\"text-editor.default\">\n\t\t\t\t<div class=\"elementor-widget-container\">\n\t\t\t\t\t\t\t\t\t<p>1. \u00dcberblick <br \/>Diese Datenschutzerkl\u00e4rung gibt einen einfachen \u00dcberblick dar\u00fcber, was mit Ihren personenbezogenen Daten passiert, wenn Sie diese Website besuchen.<\/p><p>2. Allgemeine Hinweise <br \/>Die verantwortliche Stelle f\u00fcr die Datenverarbeitung auf dieser Website ist:<\/p><p>Name: Amy King<br \/>Adresse: Koburger Str. 3, 10825 Berlin, Deutschland<br \/>E-Mail: info@amyking.dev<\/p><p>3. Datenerfassung auf dieser Website<br \/>a) Server-Log-Dateien <br \/>Der Provider der Seiten erhebt und speichert automatisch Informationen in sogenannten Server-Log-Dateien, die Ihr Browser automatisch an uns \u00fcbermittelt. Dies sind: <br \/>\u2013 Browsertyp und -version <br \/>\u2013 Verwendetes Betriebssystem <br \/>\u2013 Referrer URL <br \/>\u2013 Hostname des zugreifenden Rechners <br \/>\u2013 Uhrzeit der Serveranfrage <br \/>\u2013 IP-Adresse<\/p><p>Eine Zusammenf\u00fchrung dieser Daten mit anderen Datenquellen wird nicht vorgenommen.<\/p><p>b) Kontaktformular <br \/>Wenn Sie uns \u00fcber das Kontaktformular Anfragen zukommen lassen, werden Ihre Angaben aus dem Formular (wie Name, E-Mail-Adresse und Nachricht) zwecks Bearbeitung der Anfrage bei uns gespeichert.<\/p><p>Diese Daten verwenden wir ausschlie\u00dflich zur Bearbeitung Ihrer Anfrage und eventueller Anschlussfragen. Eine Weitergabe der Daten erfolgt nicht ohne Ihre Einwilligung.<\/p><p>Die Verarbeitung der in das Kontaktformular eingegebenen Daten erfolgt somit auf Grundlage von Art. 6 Abs. 1 lit. b DSGVO (Vertrag oder vorvertragliche Ma\u00dfnahmen) und gegebenenfalls auf Art. 6 Abs. 1 lit. f DSGVO (berechtigtes Interesse an effektiver Kommunikation).<\/p><p>Ihre Daten verbleiben bei uns, bis Sie uns zur L\u00f6schung auffordern, Ihre Einwilligung zur Speicherung widerrufen oder der Zweck f\u00fcr die Datenspeicherung entf\u00e4llt (z.\u202fB. nach abgeschlossener Bearbeitung Ihrer Anfrage).<\/p><p>4. Rechtsgrundlage <br \/>Die Datenverarbeitung erfolgt auf Grundlage von Art. 6 Abs. 1 lit. b DSGVO (Vertragsanbahnung) und Art. 6 Abs. 1 lit. f DSGVO (berechtigtes Interesse an effektiver Kommunikation).<\/p><p>5. Ihre Rechte <br \/>Sie haben jederzeit das Recht auf unentgeltliche Auskunft \u00fcber Ihre gespeicherten personenbezogenen Daten, deren Herkunft, Empf\u00e4nger und den Zweck der Datenverarbeitung. Au\u00dferdem haben Sie das Recht auf Berichtigung, Sperrung oder L\u00f6schung dieser Daten. Hierzu sowie zu weiteren Fragen zum Thema Datenschutz k\u00f6nnen Sie sich jederzeit an mich wenden.<\/p><p>6. SSL-Verschl\u00fcsselung <br \/>Diese Seite nutzt aus Sicherheitsgr\u00fcnden und zum Schutz der \u00dcbertragung vertraulicher Inhalte eine SSL-Verschl\u00fcsselung.<\/p><p>7. Hosting durch IONOS<br \/>Diese Website wird bei einem externen Dienstleister gehostet (IONOS SE, Elgendorfer Str. 57, 56410 Montabaur, Deutschland). Personenbezogene Daten, die auf dieser Website erfasst werden, werden auf den Servern von IONOS verarbeitet. Hierzu k\u00f6nnen insbesondere IP-Adressen, Meta- und Kommunikationsdaten, Websitezugriffe und sonstige Daten, die \u00fcber eine Website generiert werden, geh\u00f6ren.<\/p><p>Der Einsatz von IONOS erfolgt auf Grundlage von Art. 6 Abs. 1 lit. f DSGVO. Wir haben ein berechtigtes Interesse an einer sicheren, zuverl\u00e4ssigen und effizienten Bereitstellung unseres Webangebots durch einen professionellen Anbieter.<\/p><p>IONOS verarbeitet Daten nur insoweit, wie dies zur Erf\u00fcllung seiner Leistungspflichten erforderlich ist, und folgt dabei unseren Weisungen in Bezug auf diese Daten.<\/p>\t\t\t\t\t\t\t\t<\/div>\n\t\t\t\t<\/div>\n\t\t\t\t\t<\/div>\n\t\t\t\t<\/div>\n\t\t\t\t<\/div>","protected":false},"excerpt":{"rendered":"<p>privacy policy 1. Overview This privacy policy provides a simple overview of what happens to your personal data when you visit this website. 2. General Information The responsible party for data processing on this website is: Name: Amy KingAddress: Koburger Str. 3, 10825 Berlin, GermanyEmail: info@amyking.dev 3. Data Collection on This Websitea) Server Log Files [&hellip;]<\/p>\n","protected":false},"author":1,"featured_media":0,"parent":0,"menu_order":0,"comment_status":"closed","ping_status":"open","template":"","meta":{"footnotes":""},"class_list":["post-3","page","type-page","status-publish","hentry"],"yoast_head":"<!-- This site is optimized with the Yoast SEO plugin v27.4 - https:\/\/yoast.com\/product\/yoast-seo-wordpress\/ -->\n<title>Privacy Policy - Amy King | Software Developer<\/title>\n<meta name=\"robots\" content=\"index, follow, max-snippet:-1, max-image-preview:large, max-video-preview:-1\" \/>\n<link rel=\"canonical\" href=\"https:\/\/amyking.dev\/de\/privacy-policy\/\" \/>\n<meta property=\"og:locale\" content=\"de_DE\" \/>\n<meta property=\"og:type\" content=\"article\" \/>\n<meta property=\"og:title\" content=\"Privacy Policy - Amy King | Software Developer\" \/>\n<meta property=\"og:description\" content=\"privacy policy 1. Overview This privacy policy provides a simple overview of what happens to your personal data when you visit this website. 2. General Information The responsible party for data processing on this website is: Name: Amy KingAddress: Koburger Str. 3, 10825 Berlin, GermanyEmail: info@amyking.dev 3. Data Collection on This Websitea) Server Log Files [&hellip;]\" \/>\n<meta property=\"og:url\" content=\"https:\/\/amyking.dev\/de\/privacy-policy\/\" \/>\n<meta property=\"og:site_name\" content=\"Amy King | Software Developer\" \/>\n<meta property=\"article:modified_time\" content=\"2025-06-04T13:29:01+00:00\" \/>\n<meta name=\"twitter:card\" content=\"summary_large_image\" \/>\n<meta name=\"twitter:label1\" content=\"Gesch\u00e4tzte Lesezeit\" \/>\n\t<meta name=\"twitter:data1\" content=\"2\u00a0Minuten\" \/>\n<script type=\"application\/ld+json\" class=\"yoast-schema-graph\">{\"@context\":\"https:\\\/\\\/schema.org\",\"@graph\":[{\"@type\":\"WebPage\",\"@id\":\"https:\\\/\\\/amyking.dev\\\/privacy-policy\\\/\",\"url\":\"https:\\\/\\\/amyking.dev\\\/privacy-policy\\\/\",\"name\":\"Privacy Policy - Amy King | Software Developer\",\"isPartOf\":{\"@id\":\"https:\\\/\\\/amyking.dev\\\/#website\"},\"datePublished\":\"2025-05-20T14:21:47+00:00\",\"dateModified\":\"2025-06-04T13:29:01+00:00\",\"breadcrumb\":{\"@id\":\"https:\\\/\\\/amyking.dev\\\/privacy-policy\\\/#breadcrumb\"},\"inLanguage\":\"de\",\"potentialAction\":[{\"@type\":\"ReadAction\",\"target\":[\"https:\\\/\\\/amyking.dev\\\/privacy-policy\\\/\"]}]},{\"@type\":\"BreadcrumbList\",\"@id\":\"https:\\\/\\\/amyking.dev\\\/privacy-policy\\\/#breadcrumb\",\"itemListElement\":[{\"@type\":\"ListItem\",\"position\":1,\"name\":\"Home\",\"item\":\"https:\\\/\\\/amyking.dev\\\/\"},{\"@type\":\"ListItem\",\"position\":2,\"name\":\"Privacy Policy\"}]},{\"@type\":\"WebSite\",\"@id\":\"https:\\\/\\\/amyking.dev\\\/#website\",\"url\":\"https:\\\/\\\/amyking.dev\\\/\",\"name\":\"Amy King | Software Developer\",\"description\":\"\",\"publisher\":{\"@id\":\"https:\\\/\\\/amyking.dev\\\/#\\\/schema\\\/person\\\/671f4dfd75cb6bf8f697d6107bd8f8e7\"},\"potentialAction\":[{\"@type\":\"SearchAction\",\"target\":{\"@type\":\"EntryPoint\",\"urlTemplate\":\"https:\\\/\\\/amyking.dev\\\/?s={search_term_string}\"},\"query-input\":{\"@type\":\"PropertyValueSpecification\",\"valueRequired\":true,\"valueName\":\"search_term_string\"}}],\"inLanguage\":\"de\"},{\"@type\":[\"Person\",\"Organization\"],\"@id\":\"https:\\\/\\\/amyking.dev\\\/#\\\/schema\\\/person\\\/671f4dfd75cb6bf8f697d6107bd8f8e7\",\"name\":\"amy\",\"image\":{\"@type\":\"ImageObject\",\"inLanguage\":\"de\",\"@id\":\"https:\\\/\\\/amyking.dev\\\/wp-content\\\/uploads\\\/2025\\\/06\\\/cropped-ChatGPT-Image-Jun-4-2025-03_46_17-PM.png\",\"url\":\"https:\\\/\\\/amyking.dev\\\/wp-content\\\/uploads\\\/2025\\\/06\\\/cropped-ChatGPT-Image-Jun-4-2025-03_46_17-PM.png\",\"contentUrl\":\"https:\\\/\\\/amyking.dev\\\/wp-content\\\/uploads\\\/2025\\\/06\\\/cropped-ChatGPT-Image-Jun-4-2025-03_46_17-PM.png\",\"width\":512,\"height\":512,\"caption\":\"amy\"},\"logo\":{\"@id\":\"https:\\\/\\\/amyking.dev\\\/wp-content\\\/uploads\\\/2025\\\/06\\\/cropped-ChatGPT-Image-Jun-4-2025-03_46_17-PM.png\"},\"sameAs\":[\"https:\\\/\\\/amyking.dev\"]}]}<\/script>\n<!-- \/ Yoast SEO plugin. -->","yoast_head_json":{"title":"Privacy Policy - Amy King | Software Developer","robots":{"index":"index","follow":"follow","max-snippet":"max-snippet:-1","max-image-preview":"max-image-preview:large","max-video-preview":"max-video-preview:-1"},"canonical":"https:\/\/amyking.dev\/de\/privacy-policy\/","og_locale":"de_DE","og_type":"article","og_title":"Privacy Policy - Amy King | Software Developer","og_description":"privacy policy 1. Overview This privacy policy provides a simple overview of what happens to your personal data when you visit this website. 2. General Information The responsible party for data processing on this website is: Name: Amy KingAddress: Koburger Str. 3, 10825 Berlin, GermanyEmail: info@amyking.dev 3. Data Collection on This Websitea) Server Log Files [&hellip;]","og_url":"https:\/\/amyking.dev\/de\/privacy-policy\/","og_site_name":"Amy King | Software Developer","article_modified_time":"2025-06-04T13:29:01+00:00","twitter_card":"summary_large_image","twitter_misc":{"Gesch\u00e4tzte Lesezeit":"2\u00a0Minuten"},"schema":{"@context":"https:\/\/schema.org","@graph":[{"@type":"WebPage","@id":"https:\/\/amyking.dev\/privacy-policy\/","url":"https:\/\/amyking.dev\/privacy-policy\/","name":"Privacy Policy - Amy King | Software Developer","isPartOf":{"@id":"https:\/\/amyking.dev\/#website"},"datePublished":"2025-05-20T14:21:47+00:00","dateModified":"2025-06-04T13:29:01+00:00","breadcrumb":{"@id":"https:\/\/amyking.dev\/privacy-policy\/#breadcrumb"},"inLanguage":"de","potentialAction":[{"@type":"ReadAction","target":["https:\/\/amyking.dev\/privacy-policy\/"]}]},{"@type":"BreadcrumbList","@id":"https:\/\/amyking.dev\/privacy-policy\/#breadcrumb","itemListElement":[{"@type":"ListItem","position":1,"name":"Home","item":"https:\/\/amyking.dev\/"},{"@type":"ListItem","position":2,"name":"Privacy Policy"}]},{"@type":"WebSite","@id":"https:\/\/amyking.dev\/#website","url":"https:\/\/amyking.dev\/","name":"Amy King | Software Developer","description":"","publisher":{"@id":"https:\/\/amyking.dev\/#\/schema\/person\/671f4dfd75cb6bf8f697d6107bd8f8e7"},"potentialAction":[{"@type":"SearchAction","target":{"@type":"EntryPoint","urlTemplate":"https:\/\/amyking.dev\/?s={search_term_string}"},"query-input":{"@type":"PropertyValueSpecification","valueRequired":true,"valueName":"search_term_string"}}],"inLanguage":"de"},{"@type":["Person","Organization"],"@id":"https:\/\/amyking.dev\/#\/schema\/person\/671f4dfd75cb6bf8f697d6107bd8f8e7","name":"amy","image":{"@type":"ImageObject","inLanguage":"de","@id":"https:\/\/amyking.dev\/wp-content\/uploads\/2025\/06\/cropped-ChatGPT-Image-Jun-4-2025-03_46_17-PM.png","url":"https:\/\/amyking.dev\/wp-content\/uploads\/2025\/06\/cropped-ChatGPT-Image-Jun-4-2025-03_46_17-PM.png","contentUrl":"https:\/\/amyking.dev\/wp-content\/uploads\/2025\/06\/cropped-ChatGPT-Image-Jun-4-2025-03_46_17-PM.png","width":512,"height":512,"caption":"amy"},"logo":{"@id":"https:\/\/amyking.dev\/wp-content\/uploads\/2025\/06\/cropped-ChatGPT-Image-Jun-4-2025-03_46_17-PM.png"},"sameAs":["https:\/\/amyking.dev"]}]}},"_links":{"self":[{"href":"https:\/\/amyking.dev\/de\/wp-json\/wp\/v2\/pages\/3","targetHints":{"allow":["GET"]}}],"collection":[{"href":"https:\/\/amyking.dev\/de\/wp-json\/wp\/v2\/pages"}],"about":[{"href":"https:\/\/amyking.dev\/de\/wp-json\/wp\/v2\/types\/page"}],"author":[{"embeddable":true,"href":"https:\/\/amyking.dev\/de\/wp-json\/wp\/v2\/users\/1"}],"replies":[{"embeddable":true,"href":"https:\/\/amyking.dev\/de\/wp-json\/wp\/v2\/comments?post=3"}],"version-history":[{"count":24,"href":"https:\/\/amyking.dev\/de\/wp-json\/wp\/v2\/pages\/3\/revisions"}],"predecessor-version":[{"id":643,"href":"https:\/\/amyking.dev\/de\/wp-json\/wp\/v2\/pages\/3\/revisions\/643"}],"wp:attachment":[{"href":"https:\/\/amyking.dev\/de\/wp-json\/wp\/v2\/media?parent=3"}],"curies":[{"name":"wp","href":"https:\/\/api.w.org\/{rel}","templated":true}]}}